{"id":101,"date":"2018-02-18T21:36:14","date_gmt":"2018-02-18T21:36:14","guid":{"rendered":"http:\/\/szmuk.pl\/?page_id=101"},"modified":"2018-03-18T12:29:40","modified_gmt":"2018-03-18T12:29:40","slug":"o-nas","status":"publish","type":"page","link":"http:\/\/transferdrukpapier.pl\/?page_id=101","title":{"rendered":"O NAS"},"content":{"rendered":"<p><img loading=\"lazy\" decoding=\"async\" class=\"alignnone size-medium wp-image-43 alignright\" src=\"http:\/\/serwerps.home.pl\/autoinstalator\/wordpress\/wp-content\/uploads\/2018\/02\/logo-300x50.png\" alt=\"\" width=\"300\" height=\"50\" srcset=\"http:\/\/transferdrukpapier.pl\/wp-content\/uploads\/2018\/02\/logo-300x50.png 300w, http:\/\/transferdrukpapier.pl\/wp-content\/uploads\/2018\/02\/logo.png 320w\" sizes=\"(max-width: 300px) 100vw, 300px\" \/><\/p>\n<p>Firma\u00a0 istnieje od 1981 roku. Na przestrzeni tych lat zajmowali\u015bmy si\u0119 drukiem transferowym. Wprowadzili\u015bmy na polski rynek wiele autorskich rozwi\u0105za\u0144 w tej dziedzinie. W ostatnich latach opracowali\u015bmy w\u0142asn\u0105 technologi\u0119 powlekania papieru do cyfrowego druku sublimacyjnego. Na jej wdro\u017cenie uzyskali\u015bmy dotacj\u0119 z Europejskiego Funduszu Rozwoju Regionalnego, dzi\u0119ki kt\u00f3rej zakupili\u015bmy nowoczesn\u0105 lini\u0119 do powlekania papier\u00f3w. W 2012 roku rozpoczeli\u015bmy produkcj\u0119. Dalej rozwijamy swoje mo\u017cliwo\u015bci wprowadzaj\u0105c na rynek nowe produkty, kt\u00f3re z powodzeniem konkuruj\u0105 z importem.<\/p>\n<p><em><strong>Zdj\u0119cia<\/strong><\/em><\/p>\n<p><img loading=\"lazy\" decoding=\"async\" class=\"alignnone size-medium wp-image-341\" src=\"http:\/\/serwerps.home.pl\/tdp\/transferdrukpapierPL\/wp-content\/uploads\/2018\/03\/9-300x167.jpg\" alt=\"\" width=\"300\" height=\"167\" srcset=\"http:\/\/transferdrukpapier.pl\/wp-content\/uploads\/2018\/03\/9-300x167.jpg 300w, http:\/\/transferdrukpapier.pl\/wp-content\/uploads\/2018\/03\/9.jpg 700w\" sizes=\"(max-width: 300px) 100vw, 300px\" \/> <img loading=\"lazy\" decoding=\"async\" class=\"alignnone size-medium wp-image-340\" src=\"http:\/\/serwerps.home.pl\/tdp\/transferdrukpapierPL\/wp-content\/uploads\/2018\/03\/8-300x167.jpg\" alt=\"\" width=\"300\" height=\"167\" srcset=\"http:\/\/transferdrukpapier.pl\/wp-content\/uploads\/2018\/03\/8-300x167.jpg 300w, http:\/\/transferdrukpapier.pl\/wp-content\/uploads\/2018\/03\/8.jpg 700w\" sizes=\"(max-width: 300px) 100vw, 300px\" \/><\/p>\n<p><img loading=\"lazy\" decoding=\"async\" class=\"alignnone size-medium wp-image-339\" src=\"http:\/\/serwerps.home.pl\/tdp\/transferdrukpapierPL\/wp-content\/uploads\/2018\/03\/7-300x167.jpg\" alt=\"\" width=\"300\" height=\"167\" srcset=\"http:\/\/transferdrukpapier.pl\/wp-content\/uploads\/2018\/03\/7-300x167.jpg 300w, http:\/\/transferdrukpapier.pl\/wp-content\/uploads\/2018\/03\/7.jpg 700w\" sizes=\"(max-width: 300px) 100vw, 300px\" \/> <img loading=\"lazy\" decoding=\"async\" class=\"alignnone size-medium wp-image-338\" src=\"http:\/\/serwerps.home.pl\/tdp\/transferdrukpapierPL\/wp-content\/uploads\/2018\/03\/6-300x167.jpg\" alt=\"\" width=\"300\" height=\"167\" srcset=\"http:\/\/transferdrukpapier.pl\/wp-content\/uploads\/2018\/03\/6-300x167.jpg 300w, http:\/\/transferdrukpapier.pl\/wp-content\/uploads\/2018\/03\/6.jpg 700w\" sizes=\"(max-width: 300px) 100vw, 300px\" \/><\/p>\n<p><img loading=\"lazy\" decoding=\"async\" class=\"alignnone size-medium wp-image-337\" src=\"http:\/\/serwerps.home.pl\/tdp\/transferdrukpapierPL\/wp-content\/uploads\/2018\/03\/5-300x167.jpg\" alt=\"\" width=\"300\" height=\"167\" srcset=\"http:\/\/transferdrukpapier.pl\/wp-content\/uploads\/2018\/03\/5-300x167.jpg 300w, http:\/\/transferdrukpapier.pl\/wp-content\/uploads\/2018\/03\/5.jpg 700w\" sizes=\"(max-width: 300px) 100vw, 300px\" \/> <img loading=\"lazy\" decoding=\"async\" class=\"alignnone size-medium wp-image-336\" src=\"http:\/\/serwerps.home.pl\/tdp\/transferdrukpapierPL\/wp-content\/uploads\/2018\/03\/4-300x167.jpg\" alt=\"\" width=\"300\" height=\"167\" srcset=\"http:\/\/transferdrukpapier.pl\/wp-content\/uploads\/2018\/03\/4-300x167.jpg 300w, http:\/\/transferdrukpapier.pl\/wp-content\/uploads\/2018\/03\/4.jpg 700w\" sizes=\"(max-width: 300px) 100vw, 300px\" \/><\/p>\n<p><img loading=\"lazy\" decoding=\"async\" class=\"alignnone size-medium wp-image-335\" src=\"http:\/\/serwerps.home.pl\/tdp\/transferdrukpapierPL\/wp-content\/uploads\/2018\/03\/3-300x167.jpg\" alt=\"\" width=\"300\" height=\"167\" srcset=\"http:\/\/transferdrukpapier.pl\/wp-content\/uploads\/2018\/03\/3-300x167.jpg 300w, http:\/\/transferdrukpapier.pl\/wp-content\/uploads\/2018\/03\/3.jpg 700w\" sizes=\"(max-width: 300px) 100vw, 300px\" \/> <img loading=\"lazy\" decoding=\"async\" class=\"alignnone size-medium wp-image-334\" src=\"http:\/\/serwerps.home.pl\/tdp\/transferdrukpapierPL\/wp-content\/uploads\/2018\/03\/2-300x167.jpg\" alt=\"\" width=\"300\" height=\"167\" srcset=\"http:\/\/transferdrukpapier.pl\/wp-content\/uploads\/2018\/03\/2-300x167.jpg 300w, http:\/\/transferdrukpapier.pl\/wp-content\/uploads\/2018\/03\/2.jpg 700w\" sizes=\"(max-width: 300px) 100vw, 300px\" \/><\/p>\n","protected":false},"excerpt":{"rendered":"<p>Firma\u00a0 istnieje od 1981 roku. Na przestrzeni tych lat zajmowali\u015bmy si\u0119 drukiem transferowym. Wprowadzili\u015bmy na polski rynek wiele autorskich rozwi\u0105za\u0144 w tej dziedzinie. W ostatnich latach opracowali\u015bmy w\u0142asn\u0105 technologi\u0119 powlekania papieru do cyfrowego druku sublimacyjnego. Na jej wdro\u017cenie uzyskali\u015bmy dotacj\u0119 z Europejskiego Funduszu Rozwoju Regionalnego, dzi\u0119ki kt\u00f3rej zakupili\u015bmy nowoczesn\u0105 lini\u0119 do powlekania papier\u00f3w. W 2012 [&hellip;]<\/p>\n","protected":false},"author":1,"featured_media":0,"parent":0,"menu_order":0,"comment_status":"closed","ping_status":"closed","template":"","meta":{"footnotes":""},"_links":{"self":[{"href":"http:\/\/transferdrukpapier.pl\/index.php?rest_route=\/wp\/v2\/pages\/101"}],"collection":[{"href":"http:\/\/transferdrukpapier.pl\/index.php?rest_route=\/wp\/v2\/pages"}],"about":[{"href":"http:\/\/transferdrukpapier.pl\/index.php?rest_route=\/wp\/v2\/types\/page"}],"author":[{"embeddable":true,"href":"http:\/\/transferdrukpapier.pl\/index.php?rest_route=\/wp\/v2\/users\/1"}],"replies":[{"embeddable":true,"href":"http:\/\/transferdrukpapier.pl\/index.php?rest_route=%2Fwp%2Fv2%2Fcomments&post=101"}],"version-history":[{"count":18,"href":"http:\/\/transferdrukpapier.pl\/index.php?rest_route=\/wp\/v2\/pages\/101\/revisions"}],"predecessor-version":[{"id":344,"href":"http:\/\/transferdrukpapier.pl\/index.php?rest_route=\/wp\/v2\/pages\/101\/revisions\/344"}],"wp:attachment":[{"href":"http:\/\/transferdrukpapier.pl\/index.php?rest_route=%2Fwp%2Fv2%2Fmedia&parent=101"}],"curies":[{"name":"wp","href":"https:\/\/api.w.org\/{rel}","templated":true}]}}