{"id":442,"date":"2019-09-23T21:07:25","date_gmt":"2019-09-23T21:07:25","guid":{"rendered":"http:\/\/transferdrukpapier.pl\/?page_id=442"},"modified":"2020-09-02T08:11:36","modified_gmt":"2020-09-02T08:11:36","slug":"papier-do-pisma-braile","status":"publish","type":"page","link":"https:\/\/transferdrukpapier.pl\/?page_id=442","title":{"rendered":"Papier do Pisma Braille\u2019a"},"content":{"rendered":"<h2>Opis produktu\u00a0 \/\u00a0\u00a0<span style=\"color: #ff0000;\">NOWO\u015a\u0106!!!<\/span><\/h2>\n<p>Zast\u0119puj\u0105cy skomplikowan\u0105 technik\u0119 dziurkowania papieru w alfabecie Braille\u2019a prostym systemem chemicznego puchni\u0119cia<\/p>\n","protected":false},"excerpt":{"rendered":"<p>Opis produktu\u00a0 \/\u00a0\u00a0NOWO\u015a\u0106!!! Zast\u0119puj\u0105cy skomplikowan\u0105 technik\u0119 dziurkowania papieru w alfabecie Braille\u2019a prostym systemem chemicznego puchni\u0119cia<\/p>\n","protected":false},"author":1,"featured_media":0,"parent":127,"menu_order":0,"comment_status":"closed","ping_status":"closed","template":"","meta":{"footnotes":""},"_links":{"self":[{"href":"https:\/\/transferdrukpapier.pl\/index.php?rest_route=\/wp\/v2\/pages\/442"}],"collection":[{"href":"https:\/\/transferdrukpapier.pl\/index.php?rest_route=\/wp\/v2\/pages"}],"about":[{"href":"https:\/\/transferdrukpapier.pl\/index.php?rest_route=\/wp\/v2\/types\/page"}],"author":[{"embeddable":true,"href":"https:\/\/transferdrukpapier.pl\/index.php?rest_route=\/wp\/v2\/users\/1"}],"replies":[{"embeddable":true,"href":"https:\/\/transferdrukpapier.pl\/index.php?rest_route=%2Fwp%2Fv2%2Fcomments&post=442"}],"version-history":[{"count":5,"href":"https:\/\/transferdrukpapier.pl\/index.php?rest_route=\/wp\/v2\/pages\/442\/revisions"}],"predecessor-version":[{"id":498,"href":"https:\/\/transferdrukpapier.pl\/index.php?rest_route=\/wp\/v2\/pages\/442\/revisions\/498"}],"up":[{"embeddable":true,"href":"https:\/\/transferdrukpapier.pl\/index.php?rest_route=\/wp\/v2\/pages\/127"}],"wp:attachment":[{"href":"https:\/\/transferdrukpapier.pl\/index.php?rest_route=%2Fwp%2Fv2%2Fmedia&parent=442"}],"curies":[{"name":"wp","href":"https:\/\/api.w.org\/{rel}","templated":true}]}}