{"id":444,"date":"2019-09-23T21:08:35","date_gmt":"2019-09-23T21:08:35","guid":{"rendered":"http:\/\/transferdrukpapier.pl\/?page_id=444"},"modified":"2020-09-01T20:24:22","modified_gmt":"2020-09-01T20:24:22","slug":"papier-z-bariera-tluszczowa","status":"publish","type":"page","link":"https:\/\/transferdrukpapier.pl\/?page_id=444","title":{"rendered":"Papier z barier\u0105 t\u0142uszczow\u0105"},"content":{"rendered":"<h2>Opis produktu\u00a0 \/\u00a0 <span style=\"color: #ff0000;\">NOWO\u015a\u0106!!!<\/span><\/h2>\n<p>Papier i karton powlekany warstwa t\u0142uszczoodporn\u0105 do opakowa\u0144 artyku\u0142\u00f3w spo\u017cywczych<\/p>\n<p>-biodegradowalny<br \/>\n-przyjazny dla \u015brodowiska<br \/>\n-zast\u0119puj\u0105cy powleczenie PE<br \/>\n-kompostowalny<\/p>\n<p><img loading=\"lazy\" decoding=\"async\" class=\"alignnone size-medium wp-image-485\" src=\"http:\/\/transferdrukpapier.pl\/wp-content\/uploads\/2020\/07\/zdjecie-rolki-1-300x200.jpg\" alt=\"\" width=\"300\" height=\"200\" srcset=\"https:\/\/transferdrukpapier.pl\/wp-content\/uploads\/2020\/07\/zdjecie-rolki-1-300x200.jpg 300w, https:\/\/transferdrukpapier.pl\/wp-content\/uploads\/2020\/07\/zdjecie-rolki-1-768x512.jpg 768w, https:\/\/transferdrukpapier.pl\/wp-content\/uploads\/2020\/07\/zdjecie-rolki-1-1024x683.jpg 1024w, https:\/\/transferdrukpapier.pl\/wp-content\/uploads\/2020\/07\/zdjecie-rolki-1.jpg 1500w\" sizes=\"(max-width: 300px) 100vw, 300px\" \/> <img loading=\"lazy\" decoding=\"async\" class=\"alignnone size-medium wp-image-484\" src=\"http:\/\/transferdrukpapier.pl\/wp-content\/uploads\/2020\/07\/zdjecie-pude\u0142ko-300x200.jpg\" alt=\"\" width=\"300\" height=\"200\" srcset=\"https:\/\/transferdrukpapier.pl\/wp-content\/uploads\/2020\/07\/zdjecie-pude\u0142ko-300x200.jpg 300w, https:\/\/transferdrukpapier.pl\/wp-content\/uploads\/2020\/07\/zdjecie-pude\u0142ko-768x512.jpg 768w, https:\/\/transferdrukpapier.pl\/wp-content\/uploads\/2020\/07\/zdjecie-pude\u0142ko-1024x683.jpg 1024w, https:\/\/transferdrukpapier.pl\/wp-content\/uploads\/2020\/07\/zdjecie-pude\u0142ko.jpg 1500w\" sizes=\"(max-width: 300px) 100vw, 300px\" \/><\/p>\n","protected":false},"excerpt":{"rendered":"<p>Opis produktu\u00a0 \/\u00a0 NOWO\u015a\u0106!!! Papier i karton powlekany warstwa t\u0142uszczoodporn\u0105 do opakowa\u0144 artyku\u0142\u00f3w spo\u017cywczych -biodegradowalny -przyjazny dla \u015brodowiska -zast\u0119puj\u0105cy powleczenie PE -kompostowalny<\/p>\n","protected":false},"author":1,"featured_media":0,"parent":127,"menu_order":0,"comment_status":"closed","ping_status":"closed","template":"","meta":{"footnotes":""},"_links":{"self":[{"href":"https:\/\/transferdrukpapier.pl\/index.php?rest_route=\/wp\/v2\/pages\/444"}],"collection":[{"href":"https:\/\/transferdrukpapier.pl\/index.php?rest_route=\/wp\/v2\/pages"}],"about":[{"href":"https:\/\/transferdrukpapier.pl\/index.php?rest_route=\/wp\/v2\/types\/page"}],"author":[{"embeddable":true,"href":"https:\/\/transferdrukpapier.pl\/index.php?rest_route=\/wp\/v2\/users\/1"}],"replies":[{"embeddable":true,"href":"https:\/\/transferdrukpapier.pl\/index.php?rest_route=%2Fwp%2Fv2%2Fcomments&post=444"}],"version-history":[{"count":4,"href":"https:\/\/transferdrukpapier.pl\/index.php?rest_route=\/wp\/v2\/pages\/444\/revisions"}],"predecessor-version":[{"id":487,"href":"https:\/\/transferdrukpapier.pl\/index.php?rest_route=\/wp\/v2\/pages\/444\/revisions\/487"}],"up":[{"embeddable":true,"href":"https:\/\/transferdrukpapier.pl\/index.php?rest_route=\/wp\/v2\/pages\/127"}],"wp:attachment":[{"href":"https:\/\/transferdrukpapier.pl\/index.php?rest_route=%2Fwp%2Fv2%2Fmedia&parent=444"}],"curies":[{"name":"wp","href":"https:\/\/api.w.org\/{rel}","templated":true}]}}